{"id":1751,"date":"2024-08-08T16:20:09","date_gmt":"2024-08-08T21:20:09","guid":{"rendered":"http:\/\/localhost\/?page_id=1751"},"modified":"2024-08-12T10:27:49","modified_gmt":"2024-08-12T15:27:49","slug":"jiovany-orozco-parra-consultant-in-educational-innovation-and-4-0-industries","status":"publish","type":"page","link":"https:\/\/jiovanyorozco.com\/index.php\/es\/","title":{"rendered":"Jiovany Orozco Parra: Consultor en Educaci\u00f3n e Industrias 4.0"},"content":{"rendered":"<div class=\"wpb-content-wrapper\"><p>[vc_row full_width=&#8221;stretch_row_content&#8221; v_position=&#8221;bottom&#8221; overlay_color=&#8221;rgba(247,247,247,0.87)&#8221; slider_imgeffect=&#8221;enable&#8221; css=&#8221;.vc_custom_1723143025302{margin-top: 0px !important;margin-bottom: 0px !important;border-top-width: 0px !important;border-bottom-width: 0px !important;padding-top: 0px !important;padding-bottom: 0px !important;background-color: #e4e4e5 !important;}&#8221;][vc_column width=&#8221;1\/2&#8243;][vc_single_image image=&#8221;1321&#8243; img_size=&#8221;large&#8221; alignment=&#8221;center&#8221; css_animation=&#8221;fadeIn&#8221; css=&#8221;.vc_custom_1723150011308{margin-bottom: 0px !important;}&#8221; el_class=&#8221;espacio&#8221;][\/vc_column][vc_column width=&#8221;1\/2&#8243; css=&#8221;.vc_custom_1723143110833{margin-top: 100px !important;margin-bottom: 100px !important;}&#8221;][vc_column_text css_animation=&#8221;fadeInDown&#8221; css=&#8221;&#8221;]<\/p>\n<h1 style=\"text-align: left;\">Jiovany Orozco Parra<\/h1>\n<h3>Consultor en innovaci\u00f3n educativa e Industrias 4.0<\/h3>\n<h3><strong>CEO &amp; Fundador CloudLabs<\/strong><\/h3>\n<p>&nbsp;[\/vc_column_text][vc_empty_space height=&#8221;30px&#8221;][vc_btn title=&#8221;Ir a CloudLabs&#8221; style=&#8221;classic&#8221; shape=&#8221;round&#8221; color=&#8221;danger&#8221; size=&#8221;lg&#8221; align=&#8221;left&#8221; i_icon_fontawesome=&#8221;fas fa-arrow-right&#8221; css_animation=&#8221;fadeInUp&#8221; css=&#8221;&#8221; add_icon=&#8221;true&#8221; link=&#8221;url:https%3A%2F%2Fcloudlabslearning.com|target:_blank&#8221;][\/vc_column][\/vc_row][vc_row css=&#8221;.vc_custom_1653600345117{margin-bottom: -40px !important;padding-top: 80px !important;}&#8221;][vc_column width=&#8221;3\/4&#8243;][vc_column_text css=&#8221;&#8221;]<\/p>\n<h1>Actualidad<\/h1>\n<p>[\/vc_column_text][\/vc_column][vc_column width=&#8221;1\/4&#8243;][vc_btn title=&#8221;M\u00e1s noticias&#8221; style=&#8221;flat&#8221; shape=&#8221;round&#8221; color=&#8221;danger&#8221; align=&#8221;center&#8221; i_icon_fontawesome=&#8221;fas fa-arrow-right&#8221; css_animation=&#8221;fadeInUp&#8221; css=&#8221;&#8221; button_block=&#8221;true&#8221; add_icon=&#8221;true&#8221; link=&#8221;url:https%3A%2F%2Fjiovanyorozco.com%2Findex.php%2Factualidad%2F|title:Actualidad&#8221;][\/vc_column][\/vc_row][vc_row][vc_column][vc_basic_grid post_type=&#8221;post&#8221; max_items=&#8221;&#8221; style=&#8221;pagination&#8221; items_per_page=&#8221;3&#8243; paging_design=&#8221;none&#8221; css=&#8221;&#8221; grid_id=&#8221;vc_gid:1723476434874-503edbe93d770604a9219e0e57b59b62-5&#8243;][vc_separator style=&#8221;shadow&#8221;][\/vc_column][\/vc_row][vc_row anchor_link=&#8221;aboutjiovany&#8221;][vc_column][vc_column_text css=&#8221;.vc_custom_1658259026210{margin-bottom: -60px !important;}&#8221;][\/vc_column_text][\/vc_column][\/vc_row][vc_row full_width=&#8221;stretch_row&#8221; anchor_link=&#8221;jiovany&#8221; css=&#8221;.vc_custom_1653654283190{margin-top: -30px !important;margin-bottom: 30px !important;}&#8221;][vc_column width=&#8221;2\/3&#8243;][vc_column_text css=&#8221;&#8221;]<\/p>\n<h2 style=\"text-align: left;\">\u00bfQui\u00e9n soy?<\/h2>\n<p style=\"text-align: left;\">Hola! mi nombre es Jiovany Orozco Parra. Soy ingeniero, con formaci\u00f3n pedag\u00f3gica, docente, consultor y empresario. La transformaci\u00f3n de la educaci\u00f3n es uno de los retos en los que m\u00e1s me gusta participar; transformar lo considero mi propia revoluci\u00f3n y es as\u00ed como puedo aportar en el desarrollo de las personas, la sociedad y las regiones. \u00a1Servir y promover el servicio permite transformar vidas y disminuir brechas!<\/p>\n<p style=\"text-align: left;\">Llevo m\u00e1s de 22 a\u00f1os en el sector educativo. Creamos <strong><a href=\"http:\/\/cloudlabslearning.com\" target=\"_blank\" rel=\"noopener\">CloudLabs<\/a><\/strong>, una plataforma apropiada para el aprendizaje de las ciencias b\u00e1sicas y de \u00e1reas vocacionales a trav\u00e9s de laboratorios virtuales gamificados y en contextos reales. Saber que muchas personas ya usan nuestro producto nos llena de satisfacci\u00f3n a todos los que participamos en este proyecto.<\/p>\n<p style=\"text-align: left;\">Lo m\u00e1s importante para m\u00ed ha sido tener relaci\u00f3n con el Dios que me pas\u00f3 de la muerte a la vida al aceptar el regalo de la salvaci\u00f3n que narra la biblia en todas sus p\u00e1ginas sin contexto religioso. Estoy profundamente agradecido con \u00c9l y es por esto que siempre les recomiendo a mis amigos leer la biblia sin religi\u00f3n.<\/p>\n<p style=\"text-align: left;\">En este espacio comparto aspectos pr\u00e1cticos de transformaci\u00f3n e innovaci\u00f3n educativa y tambi\u00e9n personales de las experiencias que estamos viviendo en el crecimiento de CloudLabs. \u00a1Muchas gracias por acompa\u00f1arnos y estamos a su servicio!<\/p>\n<p>[\/vc_column_text][\/vc_column][vc_column width=&#8221;1\/3&#8243;][vc_single_image image=&#8221;1338&#8243; img_size=&#8221;500&#8243; alignment=&#8221;center&#8221; style=&#8221;vc_box_rounded&#8221; css=&#8221;&#8221;][\/vc_column][\/vc_row][vc_row full_width=&#8221;stretch_row&#8221; css=&#8221;.vc_custom_1653656225702{background-color: #f9f9f9 !important;}&#8221; anchor_link=&#8221;experience&#8221;][vc_column][vc_column_text css=&#8221;.vc_custom_1723150430491{margin-top: 50px !important;margin-bottom: 20px !important;}&#8221;]<\/p>\n<h2 style=\"text-align: center;\">Experiencias y logros<\/h2>\n<p>[\/vc_column_text][vc_row_inner][vc_column_inner width=&#8221;1\/4&#8243;][vc_single_image image=&#8221;1486&#8243; img_size=&#8221;500&#8243; style=&#8221;vc_box_rounded&#8221; css=&#8221;&#8221;][vc_column_text css=&#8221;.vc_custom_1723150451780{padding-top: 20px !important;}&#8221;]Este laboratorio de luminotecnia fue el primer proyecto que nos encamin\u00f3 en el desarrollo de laboratorios virtuales hace m\u00e1s de 20 a\u00f1os. Hoy, continuamos con la misma idea de buscar que las nuevas generaciones aprendan de manera divertida con resultados de aprendizaje que transformen sus vidas.[\/vc_column_text][\/vc_column_inner][vc_column_inner width=&#8221;1\/4&#8243;][vc_single_image image=&#8221;1488&#8243; img_size=&#8221;500&#8243; alignment=&#8221;center&#8221; style=&#8221;vc_box_rounded&#8221; css=&#8221;&#8221;][vc_column_text css=&#8221;.vc_custom_1723150464453{padding-top: 20px !important;}&#8221;]En el a\u00f1o 1999 se public\u00f3 un art\u00edculo en la revista Dinero en la que se habl\u00f3 del primer proyecto de laboratorios virtuales. El invento permit\u00eda controlar m\u00e1quinas a larga distancia en tiempo real y por internet. Esta ha sido la base para la creaci\u00f3n de CloudLabs Virtual STEM.[\/vc_column_text][\/vc_column_inner][vc_column_inner width=&#8221;1\/4&#8243;][vc_single_image image=&#8221;1178&#8243; img_size=&#8221;500&#8243; alignment=&#8221;center&#8221; style=&#8221;vc_box_rounded&#8221; css=&#8221;&#8221;][vc_column_text css=&#8221;.vc_custom_1723150485511{padding-top: 20px !important;}&#8221;]CloudLabs nace de una idea de hace m\u00e1s de 20 a\u00f1os en la que se combinaron m\u00faltiples ingredientes (disciplina, perseverancia, determinaci\u00f3n, y creatividad) para hoy tener un producto s\u00f3lido que est\u00e1 siendo vendido en m\u00e1s de 36 pa\u00edses. Poco a poco se consolida el sue\u00f1o de llevar un producto hecho en Colombia para el mundo.[\/vc_column_text][\/vc_column_inner][vc_column_inner width=&#8221;1\/4&#8243;][vc_single_image image=&#8221;767&#8243; img_size=&#8221;500&#8243; alignment=&#8221;center&#8221; style=&#8221;vc_box_rounded&#8221; css=&#8221;&#8221;][vc_column_text css=&#8221;.vc_custom_1723150496899{padding-top: 20px !important;}&#8221;]La exportaci\u00f3n de laboratorios virtuales a pa\u00edses desarrollados no ha sido un reto sencillo, pero se ha logrado gracias al esfuerzo, dedicaci\u00f3n y gesti\u00f3n de cada uno de los integrantes que hacen parte del proyecto. \u00a1Muchas gracias a todos! Continuamos transformando la educaci\u00f3n.[\/vc_column_text][\/vc_column_inner][\/vc_row_inner][vc_row_inner][vc_column_inner width=&#8221;1\/5&#8243;][vc_single_image image=&#8221;352&#8243; img_size=&#8221;500&#8243; alignment=&#8221;center&#8221; style=&#8221;vc_box_rounded&#8221; css=&#8221;&#8221;][vc_column_text css=&#8221;.vc_custom_1723150521019{padding-top: 20px !important;}&#8221;]Invertimos gran parte de nuestro tiempo participando en conferencias, compartiendo acerca de las experiencias y an\u00e9cdotas vividas en todo este proceso de aprendizaje como empresario, siempre con la visi\u00f3n puesta en ser una empresa global de educaci\u00f3n de Colombia para el mundo.[\/vc_column_text][\/vc_column_inner][vc_column_inner width=&#8221;1\/5&#8243;][vc_single_image image=&#8221;353&#8243; img_size=&#8221;500&#8243; style=&#8221;vc_box_rounded&#8221; css=&#8221;&#8221;][vc_column_text css=&#8221;.vc_custom_1723150534403{padding-top: 20px !important;}&#8221;]Somos m\u00e1s de 70 personas que trabajamos directamente y m\u00e1s de 120 que lo hacen indirectamente. Buscamos generar un ambiente agradable de trabajo basado en el respeto, el servicio y el amor por el otro. Hace unos meses celebramos los 10 a\u00f1os de nuestra empresa y nos sentimos agradecidos por el talento humano que conforma este equipo de trabajo.[\/vc_column_text][\/vc_column_inner][vc_column_inner width=&#8221;1\/5&#8243;][vc_single_image image=&#8221;356&#8243; img_size=&#8221;500&#8243; alignment=&#8221;center&#8221; style=&#8221;vc_box_rounded&#8221; css=&#8221;&#8221;][vc_column_text css=&#8221;.vc_custom_1723150573029{padding-top: 20px !important;}&#8221;]En el marco de la celebraci\u00f3n de los 50 a\u00f1os de la Asociaci\u00f3n de Egresados de la Universidad Tecnol\u00f3gica de Pereira ASEUTP, recibimos el reconocimiento \u2018Gran S\u00edmbolo ASEUTP\u2019, distinci\u00f3n entregada a egresados destacados en su quehacer profesional por el servicio al pa\u00eds y a su universidad. \u00a1Muy agradecido![\/vc_column_text][\/vc_column_inner][vc_column_inner width=&#8221;1\/5&#8243;][vc_single_image image=&#8221;357&#8243; img_size=&#8221;500&#8243; alignment=&#8221;center&#8221; style=&#8221;vc_box_rounded&#8221; css=&#8221;&#8221;][vc_column_text css=&#8221;.vc_custom_1723150584393{padding-top: 20px !important;}&#8221;]Con la firme convicci\u00f3n de llevar nuestro sue\u00f1o de transformar la educaci\u00f3n a nivel global, estamos trabajando por nuestra propia responsabilidad social empresarial con el objetivo de mejorar la calidad de vida de toda la comunidad. \u00a1Gracias a todos por el apoyo y compromiso con CloudLabs![\/vc_column_text][\/vc_column_inner][vc_column_inner width=&#8221;1\/5&#8243;][vc_single_image image=&#8221;358&#8243; img_size=&#8221;500&#8243; style=&#8221;vc_box_rounded&#8221; css=&#8221;&#8221;][vc_column_text css=&#8221;.vc_custom_1723150606472{padding-top: 20px !important;}&#8221;]Como consultor en educaci\u00f3n e innovaciones tecnol\u00f3gicas he tenido la fortuna, con CloudLabs, de presentar en ponencias en diferentes lugares, un sue\u00f1o que lleva m\u00e1s de 20 a\u00f1os en construcci\u00f3n y por el que cada d\u00eda con perseverancia trabaja un gran equipo que incluye expertos pedag\u00f3gicos, desarrolladores de software, ingenieros, entre muchas m\u00e1s disciplinas.[\/vc_column_text][\/vc_column_inner][\/vc_row_inner][vc_separator style=&#8221;shadow&#8221;][vc_column_text css=&#8221;.vc_custom_1723150630751{padding-top: 50px !important;}&#8221;]<\/p>\n<h2 style=\"text-align: center;\">Historia de CloudLabs<\/h2>\n<p>[\/vc_column_text][vc_row_inner][vc_column_inner width=&#8221;1\/6&#8243;][\/vc_column_inner][vc_column_inner width=&#8221;2\/3&#8243;][vc_video link=&#8221;https:\/\/www.youtube.com\/watch?v=cp-Qqn7wNnI&amp;feature=emb_title&#8221; align=&#8221;center&#8221; css=&#8221;.vc_custom_1723131174935{padding-bottom: 50px !important;}&#8221;][\/vc_column_inner][vc_column_inner width=&#8221;1\/6&#8243;][\/vc_column_inner][\/vc_row_inner][\/vc_column][\/vc_row][vc_row full_width=&#8221;stretch_row&#8221; anchor_link=&#8221;tips&#8221;][vc_column][vc_column_text css=&#8221;.vc_custom_1723150693422{padding-bottom: 30px !important;}&#8221;]<\/p>\n<h2 style=\"text-align: center;\">Tips que me han funcionado<\/h2>\n<p>[\/vc_column_text][vc_row_inner css=&#8221;.vc_custom_1653608283877{padding-bottom: 30px !important;}&#8221;][vc_column_inner width=&#8221;1\/2&#8243;][vc_single_image image=&#8221;1502&#8243; img_size=&#8221;full&#8221; css=&#8221;&#8221;][\/vc_column_inner][vc_column_inner width=&#8221;1\/2&#8243;][vc_single_image image=&#8221;1501&#8243; img_size=&#8221;full&#8221; css=&#8221;&#8221;][\/vc_column_inner][\/vc_row_inner][\/vc_column][\/vc_row][vc_row full_width=&#8221;stretch_row&#8221; css=&#8221;.vc_custom_1723146957561{background-color: #f9f9f9 !important;}&#8221; anchor_link=&#8221;gift&#8221;][vc_column][vc_column_text css=&#8221;&#8221;]<\/p>\n<h2 style=\"text-align: center;\">Regalo de vida<\/h2>\n<p>[\/vc_column_text][vc_row_inner][vc_column_inner width=&#8221;1\/6&#8243;][\/vc_column_inner][vc_column_inner width=&#8221;2\/3&#8243;][vc_video link=&#8221;https:\/\/www.youtube.com\/embed\/QDkEJlpEMeA&#8221; align=&#8221;center&#8221; css=&#8221;&#8221;][\/vc_column_inner][vc_column_inner width=&#8221;1\/6&#8243;][\/vc_column_inner][\/vc_row_inner][\/vc_column][\/vc_row][vc_row full_width=&#8221;stretch_row&#8221; anchor_link=&#8221;contact&#8221;][vc_column][vc_column_text css=&#8221;.vc_custom_1723151737996{margin-bottom: 0px !important;}&#8221;]<\/p>\n<h1 style=\"text-align: center;\">Contacto<\/h1>\n<p>[\/vc_column_text][vc_column_text css=&#8221;.vc_custom_1723151754539{padding-top: 20px !important;padding-right: 50px !important;padding-bottom: 30px !important;padding-left: 50px !important;}&#8221;]<\/p>\n<p style=\"text-align: center;\">Estoy a tu servicio. Si quieres saber m\u00e1s sobre mi trabajo o tienes dudas sobre los post no dudes en dejar tus comentarios o escribirme al correo <a class=\"Xx\" dir=\"ltr\" tabindex=\"-1\" href=\"mailto:jorozco@cloudlabs.co\" target=\"_blank\" rel=\"nofollow noreferrer noopener\" data-display=\"jorozco@cloudlabs.co\" data-sanitized=\"mailto:jorozco@cloudlabs.co\">jorozco@cloudlabs.co<\/a><\/p>\n<p>[\/vc_column_text][vc_row_inner][vc_column_inner width=&#8221;1\/6&#8243;][\/vc_column_inner][vc_column_inner width=&#8221;2\/3&#8243;][vc_raw_html css=&#8221;&#8221;]JTVCZm9ybWluYXRvcl9mb3JtJTIwaWQlM0QlMjIxNzQyJTIyJTVE[\/vc_raw_html][\/vc_column_inner][vc_column_inner width=&#8221;1\/6&#8243;][\/vc_column_inner][\/vc_row_inner][\/vc_column][\/vc_row]<\/p>\n<\/div>","protected":false},"excerpt":{"rendered":"<p>[vc_row full_width=&#8221;stretch_row_content&#8221; v_position=&#8221;bottom&#8221; overlay_color=&#8221;rgba(247,247,247,0.87)&#8221; slider_imgeffect=&#8221;enable&#8221; css=&#8221;.vc_custom_1723143025302{margin-top: 0px !important;margin-bottom: 0px !important;border-top-width: 0px !important;border-bottom-width: 0px !important;padding-top: 0px !important;padding-bottom: 0px !important;background-color: #e4e4e5 !important;}&#8221;][vc_column width=&#8221;1\/2&#8243;][vc_single_image image=&#8221;1321&#8243; img_size=&#8221;large&#8221; alignment=&#8221;center&#8221; css_animation=&#8221;fadeIn&#8221; css=&#8221;.vc_custom_1723150011308{margin-bottom: 0px !important;}&#8221; el_class=&#8221;espacio&#8221;][\/vc_column][vc_column width=&#8221;1\/2&#8243; css=&#8221;.vc_custom_1723143110833{margin-top: 100px !important;margin-bottom: 100px !important;}&#8221;][vc_column_text css_animation=&#8221;fadeInDown&#8221; css=&#8221;&#8221;] Jiovany Orozco Parra Consultor en innovaci\u00f3n educativa e Industrias 4.0 CEO &amp; Fundador CloudLabs &nbsp;[\/vc_column_text][vc_empty_space height=&#8221;30px&#8221;][vc_btn title=&#8221;Ir a<\/p>\n<a class=\"read-more\" href=\"https:\/\/jiovanyorozco.com\/index.php\/es\/\">Read More<\/a>","protected":false},"author":1,"featured_media":0,"parent":0,"menu_order":0,"comment_status":"closed","ping_status":"closed","template":"","meta":{"footnotes":""},"class_list":["post-1751","page","type-page","status-publish","hentry"],"yoast_head":"<!-- This site is optimized with the Yoast SEO plugin v23.2 - https:\/\/yoast.com\/wordpress\/plugins\/seo\/ -->\n<title>Jiovany Orozco Parra: Consultor en Educaci\u00f3n e Industrias 4.0 - Jiovany Orozco<\/title>\n<meta name=\"description\" content=\"Apasionado por la educaci\u00f3n, la tecnolog\u00eda y el servicio puesto al ser humano. La educaci\u00f3n es fundamental para el desarrollo de las personas y regiones.\" \/>\n<meta name=\"robots\" content=\"index, follow, max-snippet:-1, max-image-preview:large, max-video-preview:-1\" \/>\n<link rel=\"canonical\" href=\"https:\/\/jiovanyorozco.com\/index.php\/es\/\" \/>\n<meta property=\"og:locale\" content=\"en_US\" \/>\n<meta property=\"og:type\" content=\"article\" \/>\n<meta property=\"og:title\" content=\"Jiovany Orozco Parra: Consultor en Educaci\u00f3n e Industrias 4.0 - Jiovany Orozco\" \/>\n<meta property=\"og:description\" content=\"Apasionado por la educaci\u00f3n, la tecnolog\u00eda y el servicio puesto al ser humano. La educaci\u00f3n es fundamental para el desarrollo de las personas y regiones.\" \/>\n<meta property=\"og:url\" content=\"https:\/\/jiovanyorozco.com\/index.php\/es\/\" \/>\n<meta property=\"og:site_name\" content=\"Jiovany Orozco\" \/>\n<meta property=\"article:modified_time\" content=\"2024-08-12T15:27:49+00:00\" \/>\n<meta name=\"twitter:card\" content=\"summary_large_image\" \/>\n<meta name=\"twitter:label1\" content=\"Est. reading time\" \/>\n\t<meta name=\"twitter:data1\" content=\"5 minutes\" \/>\n<script type=\"application\/ld+json\" class=\"yoast-schema-graph\">{\"@context\":\"https:\/\/schema.org\",\"@graph\":[{\"@type\":\"WebPage\",\"@id\":\"https:\/\/jiovanyorozco.com\/index.php\/es\/\",\"url\":\"https:\/\/jiovanyorozco.com\/index.php\/es\/\",\"name\":\"Jiovany Orozco Parra: Consultor en Educaci\u00f3n e Industrias 4.0 - Jiovany Orozco\",\"isPartOf\":{\"@id\":\"https:\/\/jiovanyorozco.com\/#website\"},\"datePublished\":\"2024-08-08T21:20:09+00:00\",\"dateModified\":\"2024-08-12T15:27:49+00:00\",\"description\":\"Apasionado por la educaci\u00f3n, la tecnolog\u00eda y el servicio puesto al ser humano. La educaci\u00f3n es fundamental para el desarrollo de las personas y regiones.\",\"breadcrumb\":{\"@id\":\"https:\/\/jiovanyorozco.com\/index.php\/es\/#breadcrumb\"},\"inLanguage\":\"en\",\"potentialAction\":[{\"@type\":\"ReadAction\",\"target\":[\"https:\/\/jiovanyorozco.com\/index.php\/es\/\"]}]},{\"@type\":\"BreadcrumbList\",\"@id\":\"https:\/\/jiovanyorozco.com\/index.php\/es\/#breadcrumb\",\"itemListElement\":[{\"@type\":\"ListItem\",\"position\":1,\"name\":\"Home\",\"item\":\"https:\/\/jiovanyorozco.com\/\"},{\"@type\":\"ListItem\",\"position\":2,\"name\":\"Jiovany Orozco Parra: Consultor en Educaci\u00f3n e Industrias 4.0\"}]},{\"@type\":\"WebSite\",\"@id\":\"https:\/\/jiovanyorozco.com\/#website\",\"url\":\"https:\/\/jiovanyorozco.com\/\",\"name\":\"Jiovany Orozco\",\"description\":\"\",\"publisher\":{\"@id\":\"https:\/\/jiovanyorozco.com\/#\/schema\/person\/85b4c516cdb66492a0784c9042c588d8\"},\"potentialAction\":[{\"@type\":\"SearchAction\",\"target\":{\"@type\":\"EntryPoint\",\"urlTemplate\":\"https:\/\/jiovanyorozco.com\/?s={search_term_string}\"},\"query-input\":\"required name=search_term_string\"}],\"inLanguage\":\"en\"},{\"@type\":[\"Person\",\"Organization\"],\"@id\":\"https:\/\/jiovanyorozco.com\/#\/schema\/person\/85b4c516cdb66492a0784c9042c588d8\",\"name\":\"administrador\",\"image\":{\"@type\":\"ImageObject\",\"inLanguage\":\"en\",\"@id\":\"https:\/\/jiovanyorozco.com\/#\/schema\/person\/image\/\",\"url\":\"https:\/\/jiovanyorozco.com\/wp-content\/uploads\/2024\/08\/cropped-favicon_jo.png\",\"contentUrl\":\"https:\/\/jiovanyorozco.com\/wp-content\/uploads\/2024\/08\/cropped-favicon_jo.png\",\"width\":512,\"height\":512,\"caption\":\"administrador\"},\"logo\":{\"@id\":\"https:\/\/jiovanyorozco.com\/#\/schema\/person\/image\/\"},\"sameAs\":[\"http:\/\/localhost\"]}]}<\/script>\n<!-- \/ Yoast SEO plugin. -->","yoast_head_json":{"title":"Jiovany Orozco Parra: Consultor en Educaci\u00f3n e Industrias 4.0 - Jiovany Orozco","description":"Apasionado por la educaci\u00f3n, la tecnolog\u00eda y el servicio puesto al ser humano. La educaci\u00f3n es fundamental para el desarrollo de las personas y regiones.","robots":{"index":"index","follow":"follow","max-snippet":"max-snippet:-1","max-image-preview":"max-image-preview:large","max-video-preview":"max-video-preview:-1"},"canonical":"https:\/\/jiovanyorozco.com\/index.php\/es\/","og_locale":"en_US","og_type":"article","og_title":"Jiovany Orozco Parra: Consultor en Educaci\u00f3n e Industrias 4.0 - Jiovany Orozco","og_description":"Apasionado por la educaci\u00f3n, la tecnolog\u00eda y el servicio puesto al ser humano. La educaci\u00f3n es fundamental para el desarrollo de las personas y regiones.","og_url":"https:\/\/jiovanyorozco.com\/index.php\/es\/","og_site_name":"Jiovany Orozco","article_modified_time":"2024-08-12T15:27:49+00:00","twitter_card":"summary_large_image","twitter_misc":{"Est. reading time":"5 minutes"},"schema":{"@context":"https:\/\/schema.org","@graph":[{"@type":"WebPage","@id":"https:\/\/jiovanyorozco.com\/index.php\/es\/","url":"https:\/\/jiovanyorozco.com\/index.php\/es\/","name":"Jiovany Orozco Parra: Consultor en Educaci\u00f3n e Industrias 4.0 - Jiovany Orozco","isPartOf":{"@id":"https:\/\/jiovanyorozco.com\/#website"},"datePublished":"2024-08-08T21:20:09+00:00","dateModified":"2024-08-12T15:27:49+00:00","description":"Apasionado por la educaci\u00f3n, la tecnolog\u00eda y el servicio puesto al ser humano. La educaci\u00f3n es fundamental para el desarrollo de las personas y regiones.","breadcrumb":{"@id":"https:\/\/jiovanyorozco.com\/index.php\/es\/#breadcrumb"},"inLanguage":"en","potentialAction":[{"@type":"ReadAction","target":["https:\/\/jiovanyorozco.com\/index.php\/es\/"]}]},{"@type":"BreadcrumbList","@id":"https:\/\/jiovanyorozco.com\/index.php\/es\/#breadcrumb","itemListElement":[{"@type":"ListItem","position":1,"name":"Home","item":"https:\/\/jiovanyorozco.com\/"},{"@type":"ListItem","position":2,"name":"Jiovany Orozco Parra: Consultor en Educaci\u00f3n e Industrias 4.0"}]},{"@type":"WebSite","@id":"https:\/\/jiovanyorozco.com\/#website","url":"https:\/\/jiovanyorozco.com\/","name":"Jiovany Orozco","description":"","publisher":{"@id":"https:\/\/jiovanyorozco.com\/#\/schema\/person\/85b4c516cdb66492a0784c9042c588d8"},"potentialAction":[{"@type":"SearchAction","target":{"@type":"EntryPoint","urlTemplate":"https:\/\/jiovanyorozco.com\/?s={search_term_string}"},"query-input":"required name=search_term_string"}],"inLanguage":"en"},{"@type":["Person","Organization"],"@id":"https:\/\/jiovanyorozco.com\/#\/schema\/person\/85b4c516cdb66492a0784c9042c588d8","name":"administrador","image":{"@type":"ImageObject","inLanguage":"en","@id":"https:\/\/jiovanyorozco.com\/#\/schema\/person\/image\/","url":"https:\/\/jiovanyorozco.com\/wp-content\/uploads\/2024\/08\/cropped-favicon_jo.png","contentUrl":"https:\/\/jiovanyorozco.com\/wp-content\/uploads\/2024\/08\/cropped-favicon_jo.png","width":512,"height":512,"caption":"administrador"},"logo":{"@id":"https:\/\/jiovanyorozco.com\/#\/schema\/person\/image\/"},"sameAs":["http:\/\/localhost"]}]}},"_links":{"self":[{"href":"https:\/\/jiovanyorozco.com\/index.php\/wp-json\/wp\/v2\/pages\/1751","targetHints":{"allow":["GET"]}}],"collection":[{"href":"https:\/\/jiovanyorozco.com\/index.php\/wp-json\/wp\/v2\/pages"}],"about":[{"href":"https:\/\/jiovanyorozco.com\/index.php\/wp-json\/wp\/v2\/types\/page"}],"author":[{"embeddable":true,"href":"https:\/\/jiovanyorozco.com\/index.php\/wp-json\/wp\/v2\/users\/1"}],"replies":[{"embeddable":true,"href":"https:\/\/jiovanyorozco.com\/index.php\/wp-json\/wp\/v2\/comments?post=1751"}],"version-history":[{"count":4,"href":"https:\/\/jiovanyorozco.com\/index.php\/wp-json\/wp\/v2\/pages\/1751\/revisions"}],"predecessor-version":[{"id":1788,"href":"https:\/\/jiovanyorozco.com\/index.php\/wp-json\/wp\/v2\/pages\/1751\/revisions\/1788"}],"wp:attachment":[{"href":"https:\/\/jiovanyorozco.com\/index.php\/wp-json\/wp\/v2\/media?parent=1751"}],"curies":[{"name":"wp","href":"https:\/\/api.w.org\/{rel}","templated":true}]}}