{"id":1399,"date":"2022-05-27T07:06:01","date_gmt":"2022-05-27T12:06:01","guid":{"rendered":"https:\/\/www.jiovanyorozco.com\/?page_id=1399"},"modified":"2024-08-12T16:28:40","modified_gmt":"2024-08-12T21:28:40","slug":"en-new","status":"publish","type":"page","link":"https:\/\/jiovanyorozco.com\/","title":{"rendered":"Jiovany Orozco Parra: Consultant in educational innovation and 4.0 industries"},"content":{"rendered":"<div class=\"wpb-content-wrapper\"><p>[vc_row full_width=&#8221;stretch_row_content&#8221; v_position=&#8221;bottom&#8221; overlay_color=&#8221;rgba(247,247,247,0.87)&#8221; slider_imgeffect=&#8221;enable&#8221; css=&#8221;.vc_custom_1723143025302{margin-top: 0px !important;margin-bottom: 0px !important;border-top-width: 0px !important;border-bottom-width: 0px !important;padding-top: 0px !important;padding-bottom: 0px !important;background-color: #e4e4e5 !important;}&#8221;][vc_column width=&#8221;1\/2&#8243;][vc_single_image image=&#8221;1321&#8243; img_size=&#8221;large&#8221; alignment=&#8221;center&#8221; css_animation=&#8221;fadeIn&#8221; css=&#8221;.vc_custom_1723150011308{margin-bottom: 0px !important;}&#8221; el_class=&#8221;espacio&#8221;][\/vc_column][vc_column width=&#8221;1\/2&#8243; css=&#8221;.vc_custom_1723143110833{margin-top: 100px !important;margin-bottom: 100px !important;}&#8221;][vc_column_text css_animation=&#8221;fadeInDown&#8221; css=&#8221;&#8221;]<\/p>\n<h1 style=\"text-align: left;\">Jiovany Orozco Parra<\/h1>\n<h3>Consultant in educational innovation and 4.0 industries<\/h3>\n<h3>Founder and CEO of CloudLabs Learning<\/h3>\n<p>&nbsp;[\/vc_column_text][vc_empty_space height=&#8221;30px&#8221;][vc_btn title=&#8221;Go to CloudLabs&#8221; style=&#8221;classic&#8221; shape=&#8221;round&#8221; color=&#8221;danger&#8221; size=&#8221;lg&#8221; align=&#8221;left&#8221; i_icon_fontawesome=&#8221;fas fa-arrow-right&#8221; css_animation=&#8221;fadeInUp&#8221; css=&#8221;&#8221; add_icon=&#8221;true&#8221; link=&#8221;url:https%3A%2F%2Fcloudlabslearning.com|target:_blank&#8221;][\/vc_column][\/vc_row][vc_row css=&#8221;.vc_custom_1653600345117{margin-bottom: -40px !important;padding-top: 80px !important;}&#8221;][vc_column width=&#8221;3\/4&#8243;][vc_column_text css=&#8221;&#8221;]<\/p>\n<h1>Current news<\/h1>\n<p>[\/vc_column_text][\/vc_column][vc_column width=&#8221;1\/4&#8243;][vc_btn title=&#8221;Go to News&#8221; style=&#8221;flat&#8221; shape=&#8221;round&#8221; color=&#8221;danger&#8221; align=&#8221;center&#8221; i_icon_fontawesome=&#8221;fas fa-arrow-right&#8221; css_animation=&#8221;fadeInUp&#8221; css=&#8221;&#8221; button_block=&#8221;true&#8221; add_icon=&#8221;true&#8221; link=&#8221;url:https%3A%2F%2Fjiovanyorozco.com%2Findex.php%2Fnews%2F|title:Actualidad&#8221;][\/vc_column][\/vc_row][vc_row][vc_column][vc_basic_grid post_type=&#8221;post&#8221; max_items=&#8221;&#8221; style=&#8221;pagination&#8221; items_per_page=&#8221;3&#8243; paging_design=&#8221;none&#8221; css=&#8221;&#8221; grid_id=&#8221;vc_gid:1723498003238-517b8fa44df062d4223f1395696107bf-2&#8243;][vc_separator style=&#8221;shadow&#8221;][\/vc_column][\/vc_row][vc_row anchor_link=&#8221;aboutjiovany&#8221;][vc_column][vc_column_text css=&#8221;.vc_custom_1658259026210{margin-bottom: -60px !important;}&#8221;][\/vc_column_text][\/vc_column][\/vc_row][vc_row full_width=&#8221;stretch_row&#8221; anchor_link=&#8221;jiovany&#8221; css=&#8221;.vc_custom_1653654283190{margin-top: -30px !important;margin-bottom: 30px !important;}&#8221;][vc_column width=&#8221;2\/3&#8243;][vc_column_text]Hello! My name is Jiovany Orozco Parra. I&#8217;m an engineer with pedagogical training, teacher, consultant and entrepreneur. One of the challenges in which I am most interested in is the transformation of education, as I consider transformation as my own revolution, and this is how I can contribute to the development of people, society, and regions. Serving and promoting service allows us to transform lives and reduce gaps!<\/p>\n<p>I have been in the education sector for more than 22 years. We created CloudLabs, which is a suitable platform for learning basic sciences and vocational areas through gamified and contextualized virtual laboratories. Knowing that many people are already using our product makes all of us who participated in this project very proud.<\/p>\n<p>The most significant thing for me has been to build a relationship with the God who brought me from death to life by receiving the gift of salvation that the Bible narrates in all its pages, regardless of religious context. I am deeply grateful to him, and that is why I always advise my friends to read the Bible outside of its religious context.<\/p>\n<p>In this space, I share practical aspects of educational transformation and innovation as well as personal experiences we have had as CloudLabs has grown. Thank you very much for joining us. We are at your service![\/vc_column_text][\/vc_column][vc_column width=&#8221;1\/3&#8243;][vc_single_image image=&#8221;1338&#8243; img_size=&#8221;500&#8243; alignment=&#8221;center&#8221; style=&#8221;vc_box_rounded&#8221; css=&#8221;&#8221;][\/vc_column][\/vc_row][vc_row full_width=&#8221;stretch_row&#8221; css=&#8221;.vc_custom_1653656225702{background-color: #f9f9f9 !important;}&#8221; anchor_link=&#8221;experience&#8221;][vc_column][vc_column_text css=&#8221;.vc_custom_1723146068864{margin-top: 50px !important;margin-bottom: 20px !important;}&#8221;]<\/p>\n<h1 style=\"text-align: center;\">Experience and archievements<\/h1>\n<p>[\/vc_column_text][vc_row_inner][vc_column_inner width=&#8221;1\/4&#8243;][vc_single_image image=&#8221;1486&#8243; img_size=&#8221;500&#8243; style=&#8221;vc_box_rounded&#8221; css=&#8221;&#8221;][vc_column_text css=&#8221;.vc_custom_1653654357359{padding-top: 20px !important;}&#8221;]This lighting laboratory was the first project that set us on the path of developing virtual laboratories more than 20 years ago. Today, we continue with the same goal of ensuring that future generations learn in a fun way with learning results that transform their lives.[\/vc_column_text][\/vc_column_inner][vc_column_inner width=&#8221;1\/4&#8243;][vc_single_image image=&#8221;1488&#8243; img_size=&#8221;500&#8243; alignment=&#8221;center&#8221; style=&#8221;vc_box_rounded&#8221; css=&#8221;&#8221;][vc_column_text css=&#8221;.vc_custom_1653654370927{padding-top: 20px !important;}&#8221;]In 1999, an article was published in Dinero magazine in which the first virtual laboratory project was discussed. The invention made it possible to control machines over long distances in real time and over the Internet. This has been the basis for the creation of CloudLabs Virtual STEM.[\/vc_column_text][\/vc_column_inner][vc_column_inner width=&#8221;1\/4&#8243;][vc_single_image image=&#8221;1178&#8243; img_size=&#8221;500&#8243; alignment=&#8221;center&#8221; style=&#8221;vc_box_rounded&#8221; css=&#8221;&#8221;][vc_column_text css=&#8221;.vc_custom_1653654385519{padding-top: 20px !important;}&#8221;]CloudLabs was born from an idea more than 20 years ago in which multiple ingredients were combined (discipline, perseverance, determination, and creativity). Today we have a solid product that is being sold in more than 36 countries. Little by little, the dream of taking a product made in Colombia to the world is being consolidated.[\/vc_column_text][\/vc_column_inner][vc_column_inner width=&#8221;1\/4&#8243;][vc_single_image image=&#8221;767&#8243; img_size=&#8221;500&#8243; alignment=&#8221;center&#8221; style=&#8221;vc_box_rounded&#8221; css=&#8221;&#8221;][vc_column_text css=&#8221;.vc_custom_1653654407559{padding-top: 20px !important;}&#8221;]Exporting virtual laboratories to developed countries has not been an easy task, but it has been achieved thanks to the effort, dedication, and management of each of the members who are part of the project. Thank you very much to all of you! We will continue to transform education.[\/vc_column_text][\/vc_column_inner][\/vc_row_inner][vc_row_inner][vc_column_inner width=&#8221;1\/5&#8243;][vc_single_image image=&#8221;352&#8243; img_size=&#8221;500&#8243; alignment=&#8221;center&#8221; style=&#8221;vc_box_rounded&#8221; css=&#8221;&#8221;][vc_column_text css=&#8221;.vc_custom_1653654427079{padding-top: 20px !important;}&#8221;]We have spent a lot of time at conferences, sharing our experiences and anecdotes throughout this learning process, always with the goal of becoming a worldwide education company from Colombia to the world.[\/vc_column_text][\/vc_column_inner][vc_column_inner width=&#8221;1\/5&#8243;][vc_single_image image=&#8221;353&#8243; img_size=&#8221;500&#8243; style=&#8221;vc_box_rounded&#8221; css=&#8221;&#8221;][vc_column_text css=&#8221;.vc_custom_1653654448983{padding-top: 20px !important;}&#8221;]We have more than 70 people who work directly and more than 120 who work indirectly. We seek to generate a pleasant work environment based on respect, service, and love for others. A few months ago, we celebrated 10 years of our company, and we are grateful for the human talent that makes up this work team.[\/vc_column_text][\/vc_column_inner][vc_column_inner width=&#8221;1\/5&#8243;][vc_single_image image=&#8221;356&#8243; img_size=&#8221;500&#8243; alignment=&#8221;center&#8221; style=&#8221;vc_box_rounded&#8221; css=&#8221;&#8221;][vc_column_text css=&#8221;.vc_custom_1653654463143{padding-top: 20px !important;}&#8221;]As part of the celebration of the 50th anniversary of the Association of Graduates of the Technological University of Pereira ASEUTP, we received the recognition \u2018Gran Simbolo ASEUTP\u2019, a distinction given to outstanding graduates in their professional work for their service to the country and their university. We are very grateful![\/vc_column_text][\/vc_column_inner][vc_column_inner width=&#8221;1\/5&#8243;][vc_single_image image=&#8221;357&#8243; img_size=&#8221;500&#8243; alignment=&#8221;center&#8221; style=&#8221;vc_box_rounded&#8221; css=&#8221;&#8221;][vc_column_text css=&#8221;.vc_custom_1653654478359{padding-top: 20px !important;}&#8221;]We are working on our own corporate social responsibility to improve the quality of life of the entire community, with the firm conviction that we will carry on our dream of transforming education globally. Thank you all for your support and commitment to CloudLabs![\/vc_column_text][\/vc_column_inner][vc_column_inner width=&#8221;1\/5&#8243;][vc_single_image image=&#8221;358&#8243; img_size=&#8221;500&#8243; style=&#8221;vc_box_rounded&#8221; css=&#8221;&#8221;][vc_column_text css=&#8221;.vc_custom_1653654491319{padding-top: 20px !important;}&#8221;]As a consultant in education and technological innovations, I have had the fortune to present CloudLabs in different places, a dream that has been under construction for more than 20 years and for which a great team of pedagogical experts, software developers, and engineers, among many other disciplines, is actively working.[\/vc_column_text][\/vc_column_inner][\/vc_row_inner][vc_separator style=&#8221;shadow&#8221;][vc_column_text css=&#8221;.vc_custom_1723146088501{padding-top: 50px !important;}&#8221;]<\/p>\n<h3><\/h3>\n<h1 style=\"text-align: center;\">CloudLabs History<\/h1>\n<h3 style=\"text-align: center;\">(Spanish version)<\/h3>\n<p>[\/vc_column_text][vc_row_inner][vc_column_inner width=&#8221;1\/6&#8243;][\/vc_column_inner][vc_column_inner width=&#8221;2\/3&#8243;][vc_video link=&#8221;https:\/\/www.youtube.com\/watch?v=cp-Qqn7wNnI&amp;feature=emb_title&#8221; align=&#8221;center&#8221; css=&#8221;.vc_custom_1723131174935{padding-bottom: 50px !important;}&#8221;][\/vc_column_inner][vc_column_inner width=&#8221;1\/6&#8243;][\/vc_column_inner][\/vc_row_inner][\/vc_column][\/vc_row][vc_row full_width=&#8221;stretch_row&#8221; anchor_link=&#8221;tips&#8221;][vc_column][vc_column_text css=&#8221;.vc_custom_1723146099506{padding-bottom: 30px !important;}&#8221;]<\/p>\n<h1 style=\"text-align: center;\">Tips that worked for me<\/h1>\n<p>[\/vc_column_text][vc_row_inner css=&#8221;.vc_custom_1653608283877{padding-bottom: 30px !important;}&#8221;][vc_column_inner width=&#8221;1\/2&#8243;][info_list_father][info_list_son width=&#8221;60&#8243; height=&#8221;60&#8243; titleclr=&#8221;#000000&#8243; title_weight=&#8221;bold&#8221; title=&#8221;Resilience&#8221; image_id=&#8221;1391&#8243;]Having the ability to adapt to different situations and make decisions according to the situation.[\/info_list_son][info_list_son width=&#8221;60&#8243; height=&#8221;60&#8243; imgstyle=&#8221;img-circle&#8221; titleclr=&#8221;#000000&#8243; title_weight=&#8221;bold&#8221; title=&#8221;Passion&#8221; image_id=&#8221;1381&#8243;]To love what we do and give the best of ourselves in each project.[\/info_list_son][info_list_son width=&#8221;60&#8243; height=&#8221;60&#8243; titleclr=&#8221;#000000&#8243; title_weight=&#8221;bold&#8221; title=&#8221;Wisdom&#8221; image_id=&#8221;1392&#8243;]Constantly acquire knowledge and make wise and fair decisions.[\/info_list_son][info_list_son width=&#8221;60&#8243; height=&#8221;60&#8243; titleclr=&#8221;#000000&#8243; title_weight=&#8221;bold&#8221; title=&#8221;Learn about the Methodology&#8221; image_id=&#8221;1384&#8243;]Our method is to solve challenges, and then learn the concepts associated with them. This way, they will remain for life.[\/info_list_son][info_list_son width=&#8221;60&#8243; height=&#8221;60&#8243; titleclr=&#8221;#000000&#8243; title_weight=&#8221;bold&#8221; title=&#8221;Discipline&#8221; image_id=&#8221;1385&#8243;]You can be quite knowledgeable. However, without discipline, you will not be able to achieve your goal.[\/info_list_son][\/info_list_father][\/vc_column_inner][vc_column_inner width=&#8221;1\/2&#8243;][info_list_father][info_list_son width=&#8221;60&#8243; height=&#8221;60&#8243; titleclr=&#8221;#000000&#8243; title_weight=&#8221;bold&#8221; title=&#8221;Do not assume&#8221; image_id=&#8221;1387&#8243;]Do not assume or wait for things to happen; you must act to make them happen.[\/info_list_son][info_list_son width=&#8221;60&#8243; height=&#8221;60&#8243; titleclr=&#8221;#000000&#8243; title_weight=&#8221;bold&#8221; title=&#8221;Professionalism&#8221; image_id=&#8221;1389&#8243;]Always be professional and have people recognize it.[\/info_list_son][info_list_son width=&#8221;60&#8243; height=&#8221;60&#8243; titleclr=&#8221;#000000&#8243; title=&#8221;Righteousness&#8221; image_id=&#8221;1390&#8243;]Everything can be achieved by doing things properly.[\/info_list_son][info_list_son width=&#8221;60&#8243; height=&#8221;60&#8243; titleclr=&#8221;#000000&#8243; title_weight=&#8221;bold&#8221; title=&#8221;Identify your talents and skills&#8221; image_id=&#8221;1386&#8243;]Apply and develop your talents.[\/info_list_son][info_list_son width=&#8221;60&#8243; height=&#8221;60&#8243; titleclr=&#8221;#000000&#8243; title_weight=&#8221;bold&#8221; title=&#8221;Love&#8221; image_id=&#8221;1383&#8243;]Love the people you work with (colleagues, customers and suppliers).[\/info_list_son][\/info_list_father][\/vc_column_inner][\/vc_row_inner][\/vc_column][\/vc_row][vc_row full_width=&#8221;stretch_row&#8221; css=&#8221;.vc_custom_1723146957561{background-color: #f9f9f9 !important;}&#8221; anchor_link=&#8221;gift&#8221;][vc_column][vc_column_text css=&#8221;&#8221;]<\/p>\n<h1 style=\"text-align: center;\">Gift of life<\/h1>\n<h3 style=\"text-align: center;\">(Spanish version)<\/h3>\n<p>[\/vc_column_text][vc_row_inner][vc_column_inner width=&#8221;1\/6&#8243;][\/vc_column_inner][vc_column_inner width=&#8221;2\/3&#8243;][vc_video link=&#8221;https:\/\/www.youtube.com\/embed\/QDkEJlpEMeA&#8221; align=&#8221;center&#8221; css=&#8221;&#8221;][\/vc_column_inner][vc_column_inner width=&#8221;1\/6&#8243;][\/vc_column_inner][\/vc_row_inner][\/vc_column][\/vc_row][vc_row full_width=&#8221;stretch_row&#8221; anchor_link=&#8221;contact&#8221;][vc_column][vc_column_text css=&#8221;.vc_custom_1723146143483{margin-bottom: 0px !important;}&#8221;]<\/p>\n<h1 style=\"text-align: center;\">Contact<\/h1>\n<p>[\/vc_column_text][vc_column_text css=&#8221;.vc_custom_1723146165590{padding-top: 20px !important;padding-right: 50px !important;padding-bottom: 30px !important;padding-left: 50px !important;}&#8221;]<\/p>\n<p style=\"text-align: center;\">I am at your service. If you want to know more about us or have any questions about the posts, feel free to fill out the form below.<\/p>\n<p>[\/vc_column_text][vc_row_inner][vc_column_inner width=&#8221;1\/6&#8243;][\/vc_column_inner][vc_column_inner width=&#8221;2\/3&#8243;][vc_raw_html css=&#8221;&#8221;]JTVCZm9ybWluYXRvcl9mb3JtJTIwaWQlM0QlMjIxNzQxJTIyJTVE[\/vc_raw_html][\/vc_column_inner][vc_column_inner width=&#8221;1\/6&#8243;][\/vc_column_inner][\/vc_row_inner][\/vc_column][\/vc_row]<\/p>\n<\/div>","protected":false},"excerpt":{"rendered":"<p>[vc_row full_width=&#8221;stretch_row_content&#8221; v_position=&#8221;bottom&#8221; overlay_color=&#8221;rgba(247,247,247,0.87)&#8221; slider_imgeffect=&#8221;enable&#8221; css=&#8221;.vc_custom_1723143025302{margin-top: 0px !important;margin-bottom: 0px !important;border-top-width: 0px !important;border-bottom-width: 0px !important;padding-top: 0px !important;padding-bottom: 0px !important;background-color: #e4e4e5 !important;}&#8221;][vc_column width=&#8221;1\/2&#8243;][vc_single_image image=&#8221;1321&#8243; img_size=&#8221;large&#8221; alignment=&#8221;center&#8221; css_animation=&#8221;fadeIn&#8221; css=&#8221;.vc_custom_1723150011308{margin-bottom: 0px !important;}&#8221; el_class=&#8221;espacio&#8221;][\/vc_column][vc_column width=&#8221;1\/2&#8243; css=&#8221;.vc_custom_1723143110833{margin-top: 100px !important;margin-bottom: 100px !important;}&#8221;][vc_column_text css_animation=&#8221;fadeInDown&#8221; css=&#8221;&#8221;] Jiovany Orozco Parra Consultant in educational innovation and 4.0 industries Founder and CEO of CloudLabs Learning &nbsp;[\/vc_column_text][vc_empty_space height=&#8221;30px&#8221;][vc_btn<\/p>\n<a class=\"read-more\" href=\"https:\/\/jiovanyorozco.com\/\">Read More<\/a>","protected":false},"author":1,"featured_media":0,"parent":0,"menu_order":0,"comment_status":"closed","ping_status":"closed","template":"","meta":{"footnotes":""},"class_list":["post-1399","page","type-page","status-publish","hentry"],"yoast_head":"<!-- This site is optimized with the Yoast SEO plugin v23.2 - https:\/\/yoast.com\/wordpress\/plugins\/seo\/ -->\n<title>Jiovany Orozco Parra: Consultant in educational innovation and 4.0 industries - Jiovany Orozco<\/title>\n<meta name=\"description\" content=\"Apasionado por la educaci\u00f3n, la tecnolog\u00eda y el servicio puesto al ser humano. La educaci\u00f3n es fundamental para el desarrollo de las personas y regiones.\" \/>\n<meta name=\"robots\" content=\"index, follow, max-snippet:-1, max-image-preview:large, max-video-preview:-1\" \/>\n<link rel=\"canonical\" href=\"https:\/\/jiovanyorozco.com\/\" \/>\n<meta property=\"og:locale\" content=\"en_US\" \/>\n<meta property=\"og:type\" content=\"article\" \/>\n<meta property=\"og:title\" content=\"Jiovany Orozco Parra: Consultant in educational innovation and 4.0 industries - Jiovany Orozco\" \/>\n<meta property=\"og:description\" content=\"Apasionado por la educaci\u00f3n, la tecnolog\u00eda y el servicio puesto al ser humano. La educaci\u00f3n es fundamental para el desarrollo de las personas y regiones.\" \/>\n<meta property=\"og:url\" content=\"https:\/\/jiovanyorozco.com\/\" \/>\n<meta property=\"og:site_name\" content=\"Jiovany Orozco\" \/>\n<meta property=\"article:modified_time\" content=\"2024-08-12T21:28:40+00:00\" \/>\n<meta name=\"twitter:card\" content=\"summary_large_image\" \/>\n<meta name=\"twitter:label1\" content=\"Est. reading time\" \/>\n\t<meta name=\"twitter:data1\" content=\"6 minutes\" \/>\n<script type=\"application\/ld+json\" class=\"yoast-schema-graph\">{\"@context\":\"https:\/\/schema.org\",\"@graph\":[{\"@type\":\"WebPage\",\"@id\":\"https:\/\/jiovanyorozco.com\/\",\"url\":\"https:\/\/jiovanyorozco.com\/\",\"name\":\"Jiovany Orozco Parra: Consultant in educational innovation and 4.0 industries - Jiovany Orozco\",\"isPartOf\":{\"@id\":\"https:\/\/jiovanyorozco.com\/#website\"},\"datePublished\":\"2022-05-27T12:06:01+00:00\",\"dateModified\":\"2024-08-12T21:28:40+00:00\",\"description\":\"Apasionado por la educaci\u00f3n, la tecnolog\u00eda y el servicio puesto al ser humano. La educaci\u00f3n es fundamental para el desarrollo de las personas y regiones.\",\"breadcrumb\":{\"@id\":\"https:\/\/jiovanyorozco.com\/#breadcrumb\"},\"inLanguage\":\"en\",\"potentialAction\":[{\"@type\":\"ReadAction\",\"target\":[\"https:\/\/jiovanyorozco.com\/\"]}]},{\"@type\":\"BreadcrumbList\",\"@id\":\"https:\/\/jiovanyorozco.com\/#breadcrumb\",\"itemListElement\":[{\"@type\":\"ListItem\",\"position\":1,\"name\":\"Home\",\"item\":\"https:\/\/jiovanyorozco.com\/\"},{\"@type\":\"ListItem\",\"position\":2,\"name\":\"Jiovany Orozco Parra: Consultant in educational innovation and 4.0 industries\"}]},{\"@type\":\"WebSite\",\"@id\":\"https:\/\/jiovanyorozco.com\/#website\",\"url\":\"https:\/\/jiovanyorozco.com\/\",\"name\":\"Jiovany Orozco\",\"description\":\"\",\"publisher\":{\"@id\":\"https:\/\/jiovanyorozco.com\/#\/schema\/person\/85b4c516cdb66492a0784c9042c588d8\"},\"potentialAction\":[{\"@type\":\"SearchAction\",\"target\":{\"@type\":\"EntryPoint\",\"urlTemplate\":\"https:\/\/jiovanyorozco.com\/?s={search_term_string}\"},\"query-input\":\"required name=search_term_string\"}],\"inLanguage\":\"en\"},{\"@type\":[\"Person\",\"Organization\"],\"@id\":\"https:\/\/jiovanyorozco.com\/#\/schema\/person\/85b4c516cdb66492a0784c9042c588d8\",\"name\":\"administrador\",\"image\":{\"@type\":\"ImageObject\",\"inLanguage\":\"en\",\"@id\":\"https:\/\/jiovanyorozco.com\/#\/schema\/person\/image\/\",\"url\":\"https:\/\/jiovanyorozco.com\/wp-content\/uploads\/2024\/08\/cropped-favicon_jo.png\",\"contentUrl\":\"https:\/\/jiovanyorozco.com\/wp-content\/uploads\/2024\/08\/cropped-favicon_jo.png\",\"width\":512,\"height\":512,\"caption\":\"administrador\"},\"logo\":{\"@id\":\"https:\/\/jiovanyorozco.com\/#\/schema\/person\/image\/\"},\"sameAs\":[\"http:\/\/localhost\"]}]}<\/script>\n<!-- \/ Yoast SEO plugin. -->","yoast_head_json":{"title":"Jiovany Orozco Parra: Consultant in educational innovation and 4.0 industries - Jiovany Orozco","description":"Apasionado por la educaci\u00f3n, la tecnolog\u00eda y el servicio puesto al ser humano. La educaci\u00f3n es fundamental para el desarrollo de las personas y regiones.","robots":{"index":"index","follow":"follow","max-snippet":"max-snippet:-1","max-image-preview":"max-image-preview:large","max-video-preview":"max-video-preview:-1"},"canonical":"https:\/\/jiovanyorozco.com\/","og_locale":"en_US","og_type":"article","og_title":"Jiovany Orozco Parra: Consultant in educational innovation and 4.0 industries - Jiovany Orozco","og_description":"Apasionado por la educaci\u00f3n, la tecnolog\u00eda y el servicio puesto al ser humano. La educaci\u00f3n es fundamental para el desarrollo de las personas y regiones.","og_url":"https:\/\/jiovanyorozco.com\/","og_site_name":"Jiovany Orozco","article_modified_time":"2024-08-12T21:28:40+00:00","twitter_card":"summary_large_image","twitter_misc":{"Est. reading time":"6 minutes"},"schema":{"@context":"https:\/\/schema.org","@graph":[{"@type":"WebPage","@id":"https:\/\/jiovanyorozco.com\/","url":"https:\/\/jiovanyorozco.com\/","name":"Jiovany Orozco Parra: Consultant in educational innovation and 4.0 industries - Jiovany Orozco","isPartOf":{"@id":"https:\/\/jiovanyorozco.com\/#website"},"datePublished":"2022-05-27T12:06:01+00:00","dateModified":"2024-08-12T21:28:40+00:00","description":"Apasionado por la educaci\u00f3n, la tecnolog\u00eda y el servicio puesto al ser humano. La educaci\u00f3n es fundamental para el desarrollo de las personas y regiones.","breadcrumb":{"@id":"https:\/\/jiovanyorozco.com\/#breadcrumb"},"inLanguage":"en","potentialAction":[{"@type":"ReadAction","target":["https:\/\/jiovanyorozco.com\/"]}]},{"@type":"BreadcrumbList","@id":"https:\/\/jiovanyorozco.com\/#breadcrumb","itemListElement":[{"@type":"ListItem","position":1,"name":"Home","item":"https:\/\/jiovanyorozco.com\/"},{"@type":"ListItem","position":2,"name":"Jiovany Orozco Parra: Consultant in educational innovation and 4.0 industries"}]},{"@type":"WebSite","@id":"https:\/\/jiovanyorozco.com\/#website","url":"https:\/\/jiovanyorozco.com\/","name":"Jiovany Orozco","description":"","publisher":{"@id":"https:\/\/jiovanyorozco.com\/#\/schema\/person\/85b4c516cdb66492a0784c9042c588d8"},"potentialAction":[{"@type":"SearchAction","target":{"@type":"EntryPoint","urlTemplate":"https:\/\/jiovanyorozco.com\/?s={search_term_string}"},"query-input":"required name=search_term_string"}],"inLanguage":"en"},{"@type":["Person","Organization"],"@id":"https:\/\/jiovanyorozco.com\/#\/schema\/person\/85b4c516cdb66492a0784c9042c588d8","name":"administrador","image":{"@type":"ImageObject","inLanguage":"en","@id":"https:\/\/jiovanyorozco.com\/#\/schema\/person\/image\/","url":"https:\/\/jiovanyorozco.com\/wp-content\/uploads\/2024\/08\/cropped-favicon_jo.png","contentUrl":"https:\/\/jiovanyorozco.com\/wp-content\/uploads\/2024\/08\/cropped-favicon_jo.png","width":512,"height":512,"caption":"administrador"},"logo":{"@id":"https:\/\/jiovanyorozco.com\/#\/schema\/person\/image\/"},"sameAs":["http:\/\/localhost"]}]}},"_links":{"self":[{"href":"https:\/\/jiovanyorozco.com\/index.php\/wp-json\/wp\/v2\/pages\/1399","targetHints":{"allow":["GET"]}}],"collection":[{"href":"https:\/\/jiovanyorozco.com\/index.php\/wp-json\/wp\/v2\/pages"}],"about":[{"href":"https:\/\/jiovanyorozco.com\/index.php\/wp-json\/wp\/v2\/types\/page"}],"author":[{"embeddable":true,"href":"https:\/\/jiovanyorozco.com\/index.php\/wp-json\/wp\/v2\/users\/1"}],"replies":[{"embeddable":true,"href":"https:\/\/jiovanyorozco.com\/index.php\/wp-json\/wp\/v2\/comments?post=1399"}],"version-history":[{"count":44,"href":"https:\/\/jiovanyorozco.com\/index.php\/wp-json\/wp\/v2\/pages\/1399\/revisions"}],"predecessor-version":[{"id":1790,"href":"https:\/\/jiovanyorozco.com\/index.php\/wp-json\/wp\/v2\/pages\/1399\/revisions\/1790"}],"wp:attachment":[{"href":"https:\/\/jiovanyorozco.com\/index.php\/wp-json\/wp\/v2\/media?parent=1399"}],"curies":[{"name":"wp","href":"https:\/\/api.w.org\/{rel}","templated":true}]}}